{"id":15,"date":"2016-03-24T10:55:06","date_gmt":"2016-03-24T10:55:06","guid":{"rendered":"https:\/\/archi-heaven.com\/?page_id=15"},"modified":"2021-02-16T10:30:27","modified_gmt":"2021-02-16T10:30:27","slug":"clients","status":"publish","type":"page","link":"https:\/\/archi-heaven.com\/fr\/clients\/","title":{"rendered":"Nos clients"},"content":{"rendered":"<p>[vc_row el_class=\u00a0\u00bbcreation-test2&Prime; css=\u00a0\u00bb.vc_custom_1553286445315{margin-bottom: 40px !important;}\u00a0\u00bb][vc_column css=\u00a0\u00bb.vc_custom_1553286436588{padding-top: 30px !important;padding-bottom: 30px !important;}\u00a0\u00bb][vc_column_text css_animation=\u00a0\u00bbfadeInLeft\u00a0\u00bb]<\/p>\n<h4><span style=\"font-size: 18px;\"><strong><span style=\"color: #dd9933;\">ARCHI HEAVEN<\/span><\/strong><\/span><strong><em>\u00a0<span style=\"font-size: 18px;\">serve ces cat\u00e9gories des clients suivants :<\/span><\/em><\/strong><\/h4>\n<p><span style=\"font-size: 18px;\"><strong>Les consultants en architecture<\/strong><\/span><\/p>\n<ul>\n<li><span style=\"font-size: 18px;\">Fournir une gamme compl\u00e8te de dessin, services d\u2019ing\u00e9nierie et de conseil \u00e0 partir des dessins d\u2019appel d\u2019offres du projet jusqu\u2019aux d\u00e9tails et les sp\u00e9cifications de toute sortes des fa\u00e7ades vitr\u00e9es en aluminium.<\/span><\/li>\n<li><span style=\"font-size: 18px;\">Proposer les solutions structur\u00e9es les plus s\u00fbr pour les \u00e9l\u00e9ments compliqu\u00e9s et non standard.<\/span><\/li>\n<\/ul>\n<p><span style=\"font-size: 18px;\"><strong>Les contractants principaux<\/strong><\/span><\/p>\n<ul>\n<li><span style=\"font-size: 18px;\">Suivre les progr\u00e8s et coordonner avec les sous-traitants d\u2019aluminium en pr\u00e9parant les dessins d\u2019atelier d\u00e8s le d\u00e9but.<\/span><\/li>\n<li><span style=\"font-size: 18px;\">Examiner en d\u00e9tail tous les dessins avant de les soumettre au consultant.<\/span><\/li>\n<li><span style=\"font-size: 18px;\">Ing\u00e9nierie de la valeur pour plus de profit.<\/span><\/li>\n<\/ul>\n<p><span style=\"font-size: 18px;\"><strong>Les Sous-traitants en aluminium<\/strong><\/span><\/p>\n<ul>\n<li><span style=\"font-size: 18px;\">Fournir des dessins conceptuels, des dessins d\u2019atelier, des calculs structuraux, des analyses thermiques et acoustiques, des mod\u00e8les BIM, des dessins des moules,\u00a0l\u2019optimisation des mat\u00e9riaux, l\u2019installation et produire des dessins qui diminuent le temps et le prix.<\/span><\/li>\n<li><span style=\"font-size: 18px;\">Fournir des conseils pour une installation efficace en usine et sur site.<\/span><\/li>\n<li><span style=\"font-size: 18px;\">Pr\u00e9parer toutes les documentations et les dessins demandes pour les \u00e9chantillons des mati\u00e8res, les maquettes et les essais initiales.<\/span><\/li>\n<\/ul>\n<p>[\/vc_column_text][\/vc_column][\/vc_row][vc_row el_class=\u00a0\u00bbcreation-test2&Prime; css=\u00a0\u00bb.vc_custom_1553807993858{margin-bottom: 40px !important;}\u00a0\u00bb][vc_column css=\u00a0\u00bb.vc_custom_1553286436588{padding-top: 30px !important;padding-bottom: 30px !important;}\u00a0\u00bb][vc_single_image image=\u00a0\u00bb728&Prime; img_size=\u00a0\u00bbfull\u00a0\u00bb style=\u00a0\u00bbvc_box_shadow_border\u00a0\u00bb css_animation=\u00a0\u00bbfadeInLeft\u00a0\u00bb label=\u00a0\u00bb\u00a0\u00bb][\/vc_column][\/vc_row]<\/p>\n","protected":false},"excerpt":{"rendered":"<p>[vc_row el_class=\u00a0\u00bbcreation-test2&Prime; css=\u00a0\u00bb.vc_custom_1553286445315{margin-bottom: 40px !important;}\u00a0\u00bb][vc_column css=\u00a0\u00bb.vc_custom_1553286436588{padding-top: 30px !important;padding-bottom: 30px !important;}\u00a0\u00bb][vc_column_text css_animation=\u00a0\u00bbfadeInLeft\u00a0\u00bb] ARCHI HEAVEN\u00a0serve ces cat\u00e9gories des clients suivants : Les<\/p>\n","protected":false},"author":1,"featured_media":0,"parent":0,"menu_order":3,"comment_status":"closed","ping_status":"closed","template":"","meta":{"footnotes":""},"class_list":["post-15","page","type-page","status-publish","hentry"],"translation":{"provider":"WPGlobus","version":"2.12.2","language":"fr","enabled_languages":["en","ru","fr"],"languages":{"en":{"title":true,"content":true,"excerpt":false},"ru":{"title":true,"content":true,"excerpt":false},"fr":{"title":true,"content":true,"excerpt":false}}},"_links":{"self":[{"href":"https:\/\/archi-heaven.com\/fr\/wp-json\/wp\/v2\/pages\/15"}],"collection":[{"href":"https:\/\/archi-heaven.com\/fr\/wp-json\/wp\/v2\/pages"}],"about":[{"href":"https:\/\/archi-heaven.com\/fr\/wp-json\/wp\/v2\/types\/page"}],"author":[{"embeddable":true,"href":"https:\/\/archi-heaven.com\/fr\/wp-json\/wp\/v2\/users\/1"}],"replies":[{"embeddable":true,"href":"https:\/\/archi-heaven.com\/fr\/wp-json\/wp\/v2\/comments?post=15"}],"version-history":[{"count":0,"href":"https:\/\/archi-heaven.com\/fr\/wp-json\/wp\/v2\/pages\/15\/revisions"}],"wp:attachment":[{"href":"https:\/\/archi-heaven.com\/fr\/wp-json\/wp\/v2\/media?parent=15"}],"curies":[{"name":"wp","href":"https:\/\/api.w.org\/{rel}","templated":true}]}}