{"id":47,"date":"2016-03-25T17:04:49","date_gmt":"2016-03-25T17:04:49","guid":{"rendered":"https:\/\/archi-heaven.com\/?page_id=47"},"modified":"2020-03-26T13:13:39","modified_gmt":"2020-03-26T13:13:39","slug":"company-employees","status":"publish","type":"page","link":"https:\/\/archi-heaven.com\/fr\/company-employees\/","title":{"rendered":"Chefs d&rsquo;entreprise"},"content":{"rendered":"<p>[vc_row css=\u00a0\u00bb.vc_custom_1553285625566{margin-bottom: 30px !important;}\u00a0\u00bb el_class=\u00a0\u00bbcreation-test2&Prime;][vc_column css=\u00a0\u00bb.vc_custom_1553285573187{padding-top: 30px !important;padding-bottom: 30px !important;}\u00a0\u00bb][vc_column_text css_animation=\u00a0\u00bbfadeInLeft\u00a0\u00bb]<\/p>\n<h3><strong><span style=\"color: #dd9933;\">ARCHI HEAVEN<\/span><\/strong><\/h3>\n<h4>Notre \u00e9quipe professionnelle a des sp\u00e9cialistes qualifi\u00e9s avec une bonne exp\u00e9rience et beaucoup de projets d\u2019envergure.<\/h4>\n<h4>-Cadres sup\u00e9rieurs<br \/>\n-Chefs d\u2019\u00e9quipe de design<br \/>\n-Gestionnaire de structure<br \/>\n-Ing\u00e9nieurs structurels seniors<br \/>\n-Ing\u00e9nieur structurels<br \/>\n-Ing\u00e9nieurs de design seniors<br \/>\n-Ing\u00e9nieur de design<br \/>\n-Ing\u00e9nieurs de contr\u00f4le des projets<br \/>\n-Equipe d\u2019administration<\/h4>\n<p>[\/vc_column_text][\/vc_column][\/vc_row]<\/p>\n","protected":false},"excerpt":{"rendered":"<p>[vc_row css=\u00a0\u00bb.vc_custom_1553285625566{margin-bottom: 30px !important;}\u00a0\u00bb el_class=\u00a0\u00bbcreation-test2&Prime;][vc_column css=\u00a0\u00bb.vc_custom_1553285573187{padding-top: 30px !important;padding-bottom: 30px !important;}\u00a0\u00bb][vc_column_text css_animation=\u00a0\u00bbfadeInLeft\u00a0\u00bb] ARCHI HEAVEN Notre \u00e9quipe professionnelle a des sp\u00e9cialistes qualifi\u00e9s<\/p>\n","protected":false},"author":1,"featured_media":0,"parent":0,"menu_order":0,"comment_status":"closed","ping_status":"closed","template":"","meta":{"footnotes":""},"class_list":["post-47","page","type-page","status-publish","hentry"],"translation":{"provider":"WPGlobus","version":"2.12.2","language":"fr","enabled_languages":["en","ru","fr"],"languages":{"en":{"title":true,"content":true,"excerpt":false},"ru":{"title":true,"content":true,"excerpt":false},"fr":{"title":true,"content":true,"excerpt":false}}},"_links":{"self":[{"href":"https:\/\/archi-heaven.com\/fr\/wp-json\/wp\/v2\/pages\/47"}],"collection":[{"href":"https:\/\/archi-heaven.com\/fr\/wp-json\/wp\/v2\/pages"}],"about":[{"href":"https:\/\/archi-heaven.com\/fr\/wp-json\/wp\/v2\/types\/page"}],"author":[{"embeddable":true,"href":"https:\/\/archi-heaven.com\/fr\/wp-json\/wp\/v2\/users\/1"}],"replies":[{"embeddable":true,"href":"https:\/\/archi-heaven.com\/fr\/wp-json\/wp\/v2\/comments?post=47"}],"version-history":[{"count":0,"href":"https:\/\/archi-heaven.com\/fr\/wp-json\/wp\/v2\/pages\/47\/revisions"}],"wp:attachment":[{"href":"https:\/\/archi-heaven.com\/fr\/wp-json\/wp\/v2\/media?parent=47"}],"curies":[{"name":"wp","href":"https:\/\/api.w.org\/{rel}","templated":true}]}}