{"id":708,"date":"2020-11-17T10:37:00","date_gmt":"2020-11-17T10:37:00","guid":{"rendered":"https:\/\/archi-heaven.com\/?page_id=708"},"modified":"2020-11-21T00:03:11","modified_gmt":"2020-11-21T00:03:11","slug":"facade-elements-scope","status":"publish","type":"page","link":"https:\/\/archi-heaven.com\/fr\/facade-elements-scope\/","title":{"rendered":"LE CADRE DES ELEMENTS DE FACADE"},"content":{"rendered":"<p>[vc_row el_class=\u00a0\u00bbcreation-test2&Prime; css=\u00a0\u00bb.vc_custom_1553285746460{margin-top: 10px !important;margin-bottom: 40px !important;}\u00a0\u00bb][vc_column css=\u00a0\u00bb.vc_custom_1553285733736{padding-top: 30px !important;padding-bottom: 30px !important;}\u00a0\u00bb][vc_column_text css_animation=\u00a0\u00bbfadeInUp\u00a0\u00bb]<em>Gr\u00e2ce \u00e0 des services de conception et d\u2019ing\u00e9nierie novateurs, A H concr\u00e9tise la vision des architectes. Les domaines d\u2019int\u00e9r\u00eat d\u2019Archi Heaven comprennent:<\/em><\/p>\n<p><span style=\"color: #dd993f;\"><strong><span style=\"font-size: 18px;\">GRADE D\u2019\u0152UVRES EXTERIEURS<\/span><\/strong><\/span><\/p>\n<p><strong>Fa\u00e7ades en verre: <\/strong><\/p>\n<ul>\n<li>Les murs &#8211; rideaux, syst\u00e8me en b\u00e2tons conventionnel, Syst\u00e8me plafonn\u00e9 \u00e0 2 faces &amp; Syst\u00e8me plafonn\u00e9 \u00e0 4 faces;<\/li>\n<li>Syst\u00e8me de vitrage structurel, syst\u00e8me semi unitis\u00e9, syst\u00e8me unitis\u00e9, syst\u00e8me en b\u00e2tons;<\/li>\n<li>Diff\u00e9rents types de syst\u00e8me des fen\u00eatres- fen\u00eatres fix\u00e9es, fen\u00eatres coulissantes, portes, fen\u00eatres \u00e0 battants, syst\u00e8mes de rupture thermique;<\/li>\n<li>Diff\u00e9rents types d\u2019araign\u00e9e fa\u00e7ades (atrium \/ devanture du magasin) &#8211; vitrage ponctuel soutenu par des ailettes en verre \/ cadre en acier et des fermes;<\/li>\n<li>Structure de la paroi de verre \u00e0 l\u2019aide de la tige de tension \/ c\u00e2ble de tension;<\/li>\n<li>Puits de lumi\u00e8re en verre \/ feuille de polycarbonate \/ tissu de traction \/ puits de lumi\u00e8re r\u00e9tractables;<\/li>\n<li>Fa\u00e7ades r\u00e9sistant au feu.<\/li>\n<\/ul>\n<p><strong>Revetement des facades: <\/strong><\/p>\n<ul>\n<li>Murs ext\u00e9rieurs solides, soffites et syst\u00e8me de rev\u00eatements de toit en composite d\u2019aluminium, rev\u00eatement m\u00e9tallique \/ rev\u00eatement en ZINC, faces scell\u00e9es et pare-pluie;<\/li>\n<li>Syst\u00e8mes d\u2019\u00e9cran de pluie panneau m\u00e9tallique, c\u00e9ramique d\u2019ing\u00e9nierie, terre cuite, mat\u00e9riaux en fibre compress\u00e9e;<\/li>\n<li>HPL (Stratifi\u00e9 haute pression), ETFE (\u00e9thyl\u00e8ne-t\u00e9tra-fluoro-\u00e9thyl\u00e8ne), tissu de traction, maille;<\/li>\n<li>B\u00e9ton pr\u00e9fabriqu\u00e9, b\u00e9ton arm\u00e9 GRC et fibre, pierre et EIFS;<\/li>\n<li>Granit sec, rev\u00eatement en marbre;<\/li>\n<li>Syst\u00e8mes de vitrage de soutien en bois. Mat\u00e9riaux de rechange comme le b\u00e9ton l\u00e9ger, le tissu et les mat\u00e9riaux membranaires.<\/li>\n<\/ul>\n<p>&nbsp;<\/p>\n<p><strong>Caract\u00e9ristiques des fa\u00e7ades, ailerons et projections:<\/strong><\/p>\n<ul>\n<li>Auvents en verre, rev\u00eatement en composite d\u2019aluminium, tissu de traction;<\/li>\n<li>\u00c9l\u00e9ments ext\u00e9rieurs passifs et actifs de protection solaire;<\/li>\n<li>Brise soleil statique et dynamique;<\/li>\n<li>El\u00e9ments de l\u2019architecture externe;<\/li>\n<li>Int\u00e9gration de la signalisation et de l\u2019\u00e9clairage aux fa\u00e7ades des immeubles;<\/li>\n<li>Persiennes horizontales et verticales en aluminium architectural et m\u00e9canique, performance et non performance;<\/li>\n<li>Toiture \u00e0 joint debout.<\/li>\n<\/ul>\n<p><span style=\"font-size: 18px;\"><strong><span style=\"color: #dd993f;\">GRADE D\u2019\u0152UVRES EXT\u00c9RIEURS<\/span><\/strong><\/span><\/p>\n<ul>\n<li>Cloisons int\u00e9rieures en verre, \u00e9crans et vitrine sans cadre;<\/li>\n<li>Rev\u00eatement de paroi int\u00e9rieure en verre;<\/li>\n<li>Syst\u00e8me de rev\u00eatement int\u00e9rieur en composite d\u2019aluminium&amp; acier inoxydable;<\/li>\n<li>Couloir vitr\u00e9, portes vitr\u00e9es;<\/li>\n<li>Plateforme en verre;<\/li>\n<li>Escalier en verre;<\/li>\n<li>Balustrade&amp; garde-corps;<\/li>\n<li>Pont en verre interne;<\/li>\n<li>Ascenseurs panoramiques mur de verre;<\/li>\n<li>El\u00e9ments de l\u2019architecture interne.<\/li>\n<\/ul>\n<p>[\/vc_column_text][\/vc_column][\/vc_row]<\/p>\n","protected":false},"excerpt":{"rendered":"<p>[vc_row el_class=\u00a0\u00bbcreation-test2&Prime; css=\u00a0\u00bb.vc_custom_1553285746460{margin-top: 10px !important;margin-bottom: 40px !important;}\u00a0\u00bb][vc_column css=\u00a0\u00bb.vc_custom_1553285733736{padding-top: 30px !important;padding-bottom: 30px !important;}\u00a0\u00bb][vc_column_text css_animation=\u00a0\u00bbfadeInUp\u00a0\u00bb]Gr\u00e2ce \u00e0 des services de conception et d\u2019ing\u00e9nierie<\/p>\n","protected":false},"author":1,"featured_media":0,"parent":0,"menu_order":0,"comment_status":"closed","ping_status":"closed","template":"","meta":{"footnotes":""},"class_list":["post-708","page","type-page","status-publish","hentry"],"translation":{"provider":"WPGlobus","version":"2.12.2","language":"fr","enabled_languages":["en","ru","fr"],"languages":{"en":{"title":true,"content":true,"excerpt":false},"ru":{"title":true,"content":true,"excerpt":false},"fr":{"title":true,"content":true,"excerpt":false}}},"_links":{"self":[{"href":"https:\/\/archi-heaven.com\/fr\/wp-json\/wp\/v2\/pages\/708"}],"collection":[{"href":"https:\/\/archi-heaven.com\/fr\/wp-json\/wp\/v2\/pages"}],"about":[{"href":"https:\/\/archi-heaven.com\/fr\/wp-json\/wp\/v2\/types\/page"}],"author":[{"embeddable":true,"href":"https:\/\/archi-heaven.com\/fr\/wp-json\/wp\/v2\/users\/1"}],"replies":[{"embeddable":true,"href":"https:\/\/archi-heaven.com\/fr\/wp-json\/wp\/v2\/comments?post=708"}],"version-history":[{"count":0,"href":"https:\/\/archi-heaven.com\/fr\/wp-json\/wp\/v2\/pages\/708\/revisions"}],"wp:attachment":[{"href":"https:\/\/archi-heaven.com\/fr\/wp-json\/wp\/v2\/media?parent=708"}],"curies":[{"name":"wp","href":"https:\/\/api.w.org\/{rel}","templated":true}]}}