{"id":9,"date":"2016-03-24T10:49:39","date_gmt":"2016-03-24T10:49:39","guid":{"rendered":"https:\/\/archi-heaven.com\/?page_id=9"},"modified":"2022-06-24T07:51:23","modified_gmt":"2022-06-24T07:51:23","slug":"about-us","status":"publish","type":"page","link":"https:\/\/archi-heaven.com\/fr\/about-us\/","title":{"rendered":"Profil de l\u2019Enterprise"},"content":{"rendered":"<p>[vc_row el_class=\u00a0\u00bbcreation-test2&Prime; css=\u00a0\u00bb.vc_custom_1553285746460{margin-top: 10px !important;margin-bottom: 40px !important;}\u00a0\u00bb][vc_column css=\u00a0\u00bb.vc_custom_1553285733736{padding-top: 30px !important;padding-bottom: 30px !important;}\u00a0\u00bb][vc_column_text css_animation=\u00a0\u00bbfadeInUp\u00a0\u00bb]<span style=\"color: #dd993f;\"><strong> \u00c0 propos ARCHI HEAVEN<\/strong><\/span><\/p>\n<p><em>L\u2019ing\u00e9nierie de fa\u00e7ades est l\u2019art de r\u00e9aliser particuli\u00e8rement une vision esth\u00e9tique prise en compte de la constructibilit\u00e9, du rendement et de la durabilit\u00e9<\/em><\/p>\n<p><strong><span style=\"color: #dd993f;\">QUI NOUS SOMMES?<\/span><\/strong><\/p>\n<p>Fond\u00e9e en 2014, Archi Heaven est la premi\u00e8re soci\u00e9t\u00e9 dans le domaine d\u2019ing\u00e9nierie de fa\u00e7ades en aluminium en \u00c9gypte.<\/p>\n<p>Nous sommes fiers d\u2019avoir dans notre soci\u00e9t\u00e9 des professionnels ayant une vaste exp\u00e9rience depuis 1990. Nous faisons toujours notre possible \u00e0 l\u2019excellence, d\u00e9finir notre objectif principal, qui est de prendre la position de leader partout o\u00f9 le march\u00e9 est p\u00e9n\u00e9tr\u00e9.<\/p>\n<p>Nos travaux pourraient \u00eatre rep\u00e9r\u00e9 au long d\u2019Egypte, Le Nord d\u2019Afrique, KAZAKHSTAN, r\u00e9gions du GOLFE, Canada et Am\u00e9rique.<\/p>\n<p>Notre \u00e9quipe rassemble des id\u00e9es novatrices et des attitudes de r\u00e9solution de probl\u00e8mes. Nous nous concentrons sur la sp\u00e9cialisation dans des domaines sp\u00e9cifiques de l\u2019ing\u00e9nierie au lieu d\u2019\u00eatre\u00a0\u2018g\u00e9n\u00e9ralistes\u2019 dans de nombreuses disciplines et en r\u00e9sultat nous fournissons des services d&rsquo;ing\u00e9nierie de haute qualit\u00e9, comp\u00e9tences techniques et comp\u00e9tences dans les domaines d\u2019expertise que nous avons choisis. Les clients nous demandent r\u00e9p\u00e9titivement parce que nous livrons des solutions pratique, rentable et ax\u00e9 sur l\u2019innovation et la constructibilit\u00e9. Nous nous effor\u00e7ons aussi \u00e0 construire des relations personnelles de notre industrie fond\u00e9es sur la confiance et l\u2019int\u00e9grit\u00e9.<\/p>\n<p><strong><span style=\"color: #dd993f;\">NOTRE EXPERIENCE<\/span><\/strong><\/p>\n<ul>\n<li>Nous sommes devenus <strong>largement reconnu<\/strong> pour notre capacit\u00e9 \u00e0 appliquer des designs novateurs at l\u2019utilisation alternative de mat\u00e9riaux \u00e0 travers un \u00e9ventail de projets.<\/li>\n<li>Nous sommes r\u00e9put\u00e9s dans notre industrie <strong>\u2018 \u00e0 l\u2019attitude on peut faire\u2019<\/strong> at \u00e0 notre capacit\u00e9 \u00e0 r\u00e9ussir de d\u00e9livrer des projets compliques dans un secteur difficile.<\/li>\n<li>Nous d\u00e9livrons <strong>des solutions d\u2019ing\u00e9nierie<\/strong> qui sont pratiques et qui int\u00e8grent notre exp\u00e9rience et mettent l\u2019accent sur la constructibilit\u00e9.<\/li>\n<li>A H r\u00e9unit <strong>des d\u00e9cennies d\u2019exp\u00e9rience<\/strong> \u00e0 des semaines de design at d\u2019ing\u00e9nierie.<\/li>\n<li>Nous sommes capables \u00e0 travailler sous de <strong>diff\u00e8rent climat et m\u00e9t\u00e9o<\/strong> allant de conditions extr\u00eamement chaudes \u00e0 des conditions venteuses extr\u00eamement froides. Ex: +50\u00b0C &amp; 3.6 KPA charge de vent (Duba\u00ef, Qatar, Kuwait, \u00a0l&rsquo;Arabie Saoudite, \u00c9gypte) -50 \u00b0C &amp; 4 KPA charge de vent + 1 KAP neige (Kazakhstan, le Nord de la Russie)<\/li>\n<li>Nous sommes assez flexibles \u00e0 utiliser n\u2019importe quel <strong>code international<\/strong> dans les calculs de structure selon le lieu de projet et ses sp\u00e9cifications.<\/li>\n<\/ul>\n<p>Archi Heaven a une comp\u00e9tence \u00e0 d\u00e9livrer un large \u00e9ventail du dessin de l\u2019enveloppe du b\u00e2timent, d\u2019ing\u00e9nierie, d\u00e9tails et dessins avec des sp\u00e9cialistes de services des documents de fabrication pour l\u2019industrie de la construction avec un prix abordable pour une construction de fa\u00e7ade plus rapide et une prise de d\u00e9cision efficace. Nous sommes sp\u00e9cialis\u00e9s dans l\u2019entretien de l\u2019acier, fabricants de verre et d\u2019aluminium dans la production de dessins de conception et de fabrication pour leurs projets.<\/p>\n<p>Archi Heaven est en op\u00e9ration depuis 6 ans dans le CCG, l\u2019Ouest de l\u2019Asie et le Moyen Orient, Nous avons un large \u00e9ventail d\u2019exp\u00e9riences allant des h\u00f4tels et des projets commerciaux aux projets r\u00e9sidentiels.<\/p>\n<p>Nous utilisons des technologies et des logiciels de pointe pour pr\u00e9parer des dessins de conception architecturale, structurelle et BIM. Notre \u00e9quipe de professionnels offre des services d\u2019ing\u00e9nierie de fa\u00e7ade pr\u00e9cis et de haute qualit\u00e9 qui r\u00e9pondent exactement aux demandes de nos clients appr\u00e9cies.<\/p>\n<p>Archi Heaven a l\u2019exp\u00e9rience de 50+ projets dont 90% d\u2019eux sont complets couvrant une aire approximativement de 0.5 million de m\u00e8tres carr\u00e9s.<\/p>\n<p><span style=\"color: #dd993f;\"><strong>NOUS COMPRENONS QUE<\/strong><\/span><\/p>\n<p><strong><em>Chaque projet et chaque client sont diff\u00e9rents <\/em><\/strong><\/p>\n<p>Dans chaque projet l\u2019\u00e9quipe d\u00e9montre une compr\u00e9hension compl\u00e8te des exigences du projet en utilisant les derniers produits disponibles et qui r\u00e9pond \u00e0 toutes les sp\u00e9cifications techniques requises. Nous assurons que tous les mat\u00e9riaux sp\u00e9cifi\u00e9s r\u00e9pondent aux crit\u00e8res \u00e9conomiques, techniques at aux param\u00e8tres visuels et traduit la vision de l\u2019architecte a des conceptions optimises que le client peut \u00e0 la fois appr\u00e9cier et se permettre.<\/p>\n<p>Aussi nous offrons des soutiens et des solutions techniques pour les conceptions sophistiqu\u00e9es soit \u00e0 l\u2019int\u00e9rieur ou sur site.\u00a0 Archi Heaven offre une base cr\u00e9ative pour des solutions compl\u00e8tes pour les fa\u00e7ades, puits de lumi\u00e8re, fen\u00eatres, portes, balcons ainsi que tous les genres des travaux architecturaux en m\u00e9tal comme l\u2019aluminium &amp; rev\u00eatement inoxydable et toutes sortes de pierre.<\/p>\n<p>En g\u00e9rant un nouveau b\u00e2timent, \u00e0 rectifier un existant ou restaurer un morceau d\u2019histoire architecturale, vous pouvez compter avec confiance sur notre expertise de fa\u00e7ade.[\/vc_column_text][\/vc_column][\/vc_row][vc_row el_class=\u00a0\u00bbcreation-test2&Prime; css=\u00a0\u00bb.vc_custom_1553614942445{margin-top: 40px !important;margin-bottom: 40px !important;padding-top: 30px !important;padding-bottom: 30px !important;}\u00a0\u00bb][vc_column][vc_video link=\u00a0\u00bbhttps:\/\/youtu.be\/yt1Zb81aPz4&Prime;][\/vc_column][\/vc_row]<\/p>\n","protected":false},"excerpt":{"rendered":"<p>[vc_row el_class=\u00a0\u00bbcreation-test2&Prime; css=\u00a0\u00bb.vc_custom_1553285746460{margin-top: 10px !important;margin-bottom: 40px !important;}\u00a0\u00bb][vc_column css=\u00a0\u00bb.vc_custom_1553285733736{padding-top: 30px !important;padding-bottom: 30px !important;}\u00a0\u00bb][vc_column_text css_animation=\u00a0\u00bbfadeInUp\u00a0\u00bb] \u00c0 propos ARCHI HEAVEN L\u2019ing\u00e9nierie de fa\u00e7ades<\/p>\n","protected":false},"author":1,"featured_media":0,"parent":0,"menu_order":0,"comment_status":"closed","ping_status":"closed","template":"","meta":{"footnotes":""},"class_list":["post-9","page","type-page","status-publish","hentry"],"translation":{"provider":"WPGlobus","version":"2.12.2","language":"fr","enabled_languages":["en","ru","fr"],"languages":{"en":{"title":true,"content":true,"excerpt":false},"ru":{"title":true,"content":true,"excerpt":false},"fr":{"title":true,"content":true,"excerpt":false}}},"_links":{"self":[{"href":"https:\/\/archi-heaven.com\/fr\/wp-json\/wp\/v2\/pages\/9"}],"collection":[{"href":"https:\/\/archi-heaven.com\/fr\/wp-json\/wp\/v2\/pages"}],"about":[{"href":"https:\/\/archi-heaven.com\/fr\/wp-json\/wp\/v2\/types\/page"}],"author":[{"embeddable":true,"href":"https:\/\/archi-heaven.com\/fr\/wp-json\/wp\/v2\/users\/1"}],"replies":[{"embeddable":true,"href":"https:\/\/archi-heaven.com\/fr\/wp-json\/wp\/v2\/comments?post=9"}],"version-history":[{"count":0,"href":"https:\/\/archi-heaven.com\/fr\/wp-json\/wp\/v2\/pages\/9\/revisions"}],"wp:attachment":[{"href":"https:\/\/archi-heaven.com\/fr\/wp-json\/wp\/v2\/media?parent=9"}],"curies":[{"name":"wp","href":"https:\/\/api.w.org\/{rel}","templated":true}]}}